{"id":75,"date":"2023-03-24T06:55:22","date_gmt":"2023-03-24T06:55:22","guid":{"rendered":"https:\/\/cozystay.loftocean.com\/mountain-chalet\/?page_id=75"},"modified":"2025-03-03T07:53:59","modified_gmt":"2025-03-03T07:53:59","slug":"contact","status":"publish","type":"page","link":"https:\/\/5thseason.ro\/ro\/contact\/","title":{"rendered":"Contact"},"content":{"rendered":"<div data-elementor-type=\"wp-page\" data-elementor-id=\"75\" class=\"elementor elementor-75\">\n\t\t\t\t\t\t<section class=\"elementor-section elementor-top-section elementor-element elementor-element-5746d7ee elementor-section-height-min-height cs-section-content-fullwidth cs-parallax-on-scroll cs_scroll_y_80 elementor-section-full_width elementor-section-height-default elementor-section-items-middle\" data-id=\"5746d7ee\" data-element_type=\"section\" data-e-type=\"section\" data-settings=\"{&quot;background_background&quot;:&quot;classic&quot;}\" data-cs-parallax-y=\"80\" style=\"background-image: none;\" data-cs-background-image=\"https:\/\/5thseason.ro\/wp-content\/uploads\/2025\/02\/WhatsApp-Image-2025-02-11-at-20.38.03.jpeg\">\n\t\t\t\t\t\t\t<div class=\"elementor-background-overlay\"><\/div>\n\t\t\t\t\t\t\t<div class=\"elementor-container elementor-column-gap-default\">\n\t\t\t\t\t<div class=\"elementor-column elementor-col-100 elementor-top-column elementor-element elementor-element-27f14778 dark-color\" data-id=\"27f14778\" data-element_type=\"column\" data-e-type=\"column\" data-settings=\"{&quot;background_background&quot;:&quot;slideshow&quot;,&quot;background_slideshow_transition_duration&quot;:502,&quot;background_slideshow_gallery&quot;:[],&quot;background_slideshow_loop&quot;:&quot;yes&quot;,&quot;background_slideshow_slide_duration&quot;:5000,&quot;background_slideshow_slide_transition&quot;:&quot;fade&quot;}\">\n\t\t\t<div class=\"elementor-widget-wrap elementor-element-populated\">\n\t\t\t\t\t\t<div class=\"elementor-element elementor-element-1c0f9ce6 elementor-widget__width-initial elementor-widget elementor-widget-cs_title\" data-id=\"1c0f9ce6\" data-element_type=\"widget\" data-e-type=\"widget\" data-widget_type=\"cs_title.default\">\n\t\t\t\t<div class=\"elementor-widget-container\">\n\t\t\t\t\t\n        <div class=\"cs-title-wrap text-center\">\t            <div class=\"cs-subtitle-wrap\"><span class=\"cs-subtitle color-white\">Informa\u021bii<\/span><\/div>\t            <h1 class=\"cs-title\">\n\t                Contact\t            <\/h1>        <\/div>\t\t\t\t<\/div>\n\t\t\t\t<\/div>\n\t\t\t\t\t<\/div>\n\t\t<\/div>\n\t\t\t\t\t<\/div>\n\t\t<\/section>\n\t\t<div class=\"elementor-element elementor-element-a41b82d e-flex e-con-boxed e-con e-parent\" data-id=\"a41b82d\" data-element_type=\"container\" data-e-type=\"container\">\n\t\t\t\t\t<div class=\"e-con-inner\">\n\t\t\t\t<div class=\"elementor-element elementor-element-d8dabb1 elementor-widget elementor-widget-heading\" data-id=\"d8dabb1\" data-element_type=\"widget\" data-e-type=\"widget\" data-widget_type=\"heading.default\">\n\t\t\t\t<div class=\"elementor-widget-container\">\n\t\t\t\t\t<h2 class=\"elementor-heading-title elementor-size-default\">Localizare \u0219i accesibilitate<\/h2>\t\t\t\t<\/div>\n\t\t\t\t<\/div>\n\t\t\t\t<div class=\"elementor-element elementor-element-c703ad8 elementor-widget elementor-widget-text-editor\" data-id=\"c703ad8\" data-element_type=\"widget\" data-e-type=\"widget\" data-widget_type=\"text-editor.default\">\n\t\t\t\t<div class=\"elementor-widget-container\">\n\t\t\t\t\t\t\t\t\t<p>Pensiunea Al 5-lea Anotimp se afl\u0103 \u00een partea de vest a ora\u0219ului Sf\u00e2ntu Gheorghe, pe drumul DN13E, la aproximativ 5 km de centrul ora\u0219ului.<\/p><p>Acces cu ma\u0219ina:\nDinspre Bra\u0219ov (sud-vest): Urma\u021bi drumul E574 spre nord-est, apoi intra\u021bi pe DN13E spre Sf\u00e2ntu Gheorghe. Pensiunea este situat\u0103 pe DN13E, la aproximativ 5 km de centrul ora\u0219ului.<\/p><p>Dinspre Miercurea Ciuc (nord): Urma\u021bi DN12 spre sud p\u00e2n\u0103 la Sf\u00e2ntu Gheorghe, apoi intra\u021bi pe DN13E spre vest. Pensiunea este situat\u0103 pe DN13E, la aproximativ 5 km de centrul ora\u0219ului.<\/p>\t\t\t\t\t\t\t\t<\/div>\n\t\t\t\t<\/div>\n\t\t\t\t\t<\/div>\n\t\t\t\t<\/div>\n\t\t\t\t<section class=\"elementor-section elementor-top-section elementor-element elementor-element-44764146 elementor-section-boxed elementor-section-height-default elementor-section-height-default\" data-id=\"44764146\" data-element_type=\"section\" data-e-type=\"section\" data-settings=\"{&quot;background_background&quot;:&quot;classic&quot;}\">\n\t\t\t\t\t\t<div class=\"elementor-container elementor-column-gap-no\">\n\t\t\t\t\t<div class=\"elementor-column elementor-col-50 elementor-top-column elementor-element elementor-element-43c4a1ad\" data-id=\"43c4a1ad\" data-element_type=\"column\" data-e-type=\"column\" data-settings=\"{&quot;background_background&quot;:&quot;classic&quot;}\">\n\t\t\t<div class=\"elementor-widget-wrap elementor-element-populated\">\n\t\t\t\t\t\t<div class=\"elementor-element elementor-element-2445f4fc elementor-widget elementor-widget-spacer\" data-id=\"2445f4fc\" data-element_type=\"widget\" data-e-type=\"widget\" data-widget_type=\"spacer.default\">\n\t\t\t\t<div class=\"elementor-widget-container\">\n\t\t\t\t\t\t\t<div class=\"elementor-spacer\">\n\t\t\t<div class=\"elementor-spacer-inner\"><\/div>\n\t\t<\/div>\n\t\t\t\t\t\t<\/div>\n\t\t\t\t<\/div>\n\t\t\t\t\t<\/div>\n\t\t<\/div>\n\t\t\t\t<div class=\"elementor-column elementor-col-50 elementor-top-column elementor-element elementor-element-4c1eb2f5\" data-id=\"4c1eb2f5\" data-element_type=\"column\" data-e-type=\"column\" data-settings=\"{&quot;background_background&quot;:&quot;classic&quot;}\">\n\t\t\t<div class=\"elementor-widget-wrap elementor-element-populated\">\n\t\t\t\t\t\t<div class=\"elementor-element elementor-element-36722586 elementor-widget elementor-widget-cs_title\" data-id=\"36722586\" data-element_type=\"widget\" data-e-type=\"widget\" data-widget_type=\"cs_title.default\">\n\t\t\t\t<div class=\"elementor-widget-container\">\n\t\t\t\t\t\n        <div class=\"cs-title-wrap\">\t            <h6 class=\"cs-title\">\n\t                Contact\t            <\/h6>        <\/div>\t\t\t\t<\/div>\n\t\t\t\t<\/div>\n\t\t\t\t<div class=\"elementor-element elementor-element-781b88fa elementor-widget elementor-widget-cs_list\" data-id=\"781b88fa\" data-element_type=\"widget\" data-e-type=\"widget\" data-widget_type=\"cs_list.default\">\n\t\t\t\t<div class=\"elementor-widget-container\">\n\t\t\t\t\t\n            <ul class=\"cs-list cs-list-type-none with-border\">                <li>                    <span class=\"list-content\">Adres\u0103: DN 13E km 5, Sf\u00e2ntu Gherghe, 527166<\/span>                <\/li>                <li>                    <span class=\"list-content\">Telefon: +40 722 558 634<\/span>                        <a class=\"list-link\" href=\"tel:+40722558634\"><\/a>                <\/li>                <li>                    <span class=\"list-content\">Email: km5evszak@gmail.com<\/span>                        <a class=\"list-link\" href=\"mailto:km5evszak@gmail.com\"><\/a>                <\/li>            <\/ul>\t\t\t\t<\/div>\n\t\t\t\t<\/div>\n\t\t\t\t<div class=\"elementor-element elementor-element-29601437 elementor-widget elementor-widget-cs_title\" data-id=\"29601437\" data-element_type=\"widget\" data-e-type=\"widget\" data-widget_type=\"cs_title.default\">\n\t\t\t\t<div class=\"elementor-widget-container\">\n\t\t\t\t\t\n        <div class=\"cs-title-wrap\">\t            <h6 class=\"cs-title\">\n\t                Contacteaz\u0103-ne!\t            <\/h6>        <\/div>\t\t\t\t<\/div>\n\t\t\t\t<\/div>\n\t\t\t\t<div class=\"elementor-element elementor-element-798ea157 elementor-widget elementor-widget-cs_form_cf7\" data-id=\"798ea157\" data-element_type=\"widget\" data-e-type=\"widget\" data-widget_type=\"cs_form_cf7.default\">\n\t\t\t\t<div class=\"elementor-widget-container\">\n\t\t\t\t\t            <div class=\"cs-form-cf7 placeholder-normal\">\n                <div class=\"cs-form-cf7-wrap\">\n<div class=\"wpcf7 no-js\" id=\"wpcf7-f1905-o1\" lang=\"hu-HU\" dir=\"ltr\" data-wpcf7-id=\"1905\">\n<div class=\"screen-reader-response\"><p role=\"status\" aria-live=\"polite\" aria-atomic=\"true\"><\/p> <ul><\/ul><\/div>\n<form action=\"\/ro\/wp-json\/wp\/v2\/pages\/75#wpcf7-f1905-o1\" method=\"post\" class=\"wpcf7-form init\" aria-label=\"Kapcsolatfelv\u00e9teli \u0171rlap\" novalidate=\"novalidate\" data-status=\"init\" data-trp-original-action=\"\/ro\/wp-json\/wp\/v2\/pages\/75#wpcf7-f1905-o1\">\n<fieldset class=\"hidden-fields-container\"><input type=\"hidden\" name=\"_wpcf7\" value=\"1905\" \/><input type=\"hidden\" name=\"_wpcf7_version\" value=\"6.1.5\" \/><input type=\"hidden\" name=\"_wpcf7_locale\" value=\"hu_HU\" \/><input type=\"hidden\" name=\"_wpcf7_unit_tag\" value=\"wpcf7-f1905-o1\" \/><input type=\"hidden\" name=\"_wpcf7_container_post\" value=\"0\" \/><input type=\"hidden\" name=\"_wpcf7_posted_data_hash\" value=\"\" \/><input type=\"hidden\" name=\"_wpcf7_recaptcha_response\" value=\"\" \/>\n<\/fieldset>\n<p><label> Nume<br \/>\n<span class=\"wpcf7-form-control-wrap\" data-name=\"your-name\"><input size=\"40\" maxlength=\"400\" class=\"wpcf7-form-control wpcf7-text wpcf7-validates-as-required\" autocomplete=\"name\" aria-required=\"true\" aria-invalid=\"false\" value=\"\" type=\"text\" name=\"your-name\" \/><\/span> <\/label>\n<\/p>\n<p><label> Email<br \/>\n<span class=\"wpcf7-form-control-wrap\" data-name=\"your-email\"><input size=\"40\" maxlength=\"400\" class=\"wpcf7-form-control wpcf7-email wpcf7-validates-as-required wpcf7-text wpcf7-validates-as-email\" autocomplete=\"email\" aria-required=\"true\" aria-invalid=\"false\" value=\"\" type=\"email\" name=\"your-email\" \/><\/span> <\/label>\n<\/p>\n<p><label> Telefon<br \/>\n<span class=\"wpcf7-form-control-wrap\" data-name=\"your-tel\"><input size=\"40\" maxlength=\"400\" class=\"wpcf7-form-control wpcf7-tel wpcf7-text wpcf7-validates-as-tel\" autocomplete=\"telefon\" aria-invalid=\"false\" value=\"\" type=\"tel\" name=\"your-tel\" \/><\/span> <\/label>\n<\/p>\n<p><label> Eveniment<br \/>\n<span class=\"wpcf7-form-control-wrap\" data-name=\"menu-193\"><select class=\"wpcf7-form-control wpcf7-select wpcf7-validates-as-required\" aria-required=\"true\" aria-invalid=\"false\" name=\"menu-193\"><option value=\"Esk\u00fcv\u0151\">Nunt\u0103<\/option><option value=\"Keresztel\u0151\">Botez<\/option><option value=\"Team-Building\">Team-Building<\/option><option value=\"Egy\u00e9b\">Alte<\/option><\/select><\/span> <\/label>\n<\/p>\n<p><label> Mesaj (Op\u021bional)<br \/>\n<span class=\"wpcf7-form-control-wrap\" data-name=\"your-message\"><textarea cols=\"40\" rows=\"10\" maxlength=\"2000\" class=\"wpcf7-form-control wpcf7-textarea\" aria-invalid=\"false\" name=\"your-message\"><\/textarea><\/span> <\/label>\n<\/p>\n<p><input class=\"wpcf7-form-control wpcf7-submit has-spinner\" type=\"submit\" value=\"Trimite\" \/>\n<\/p><div class=\"wpcf7-response-output\" aria-hidden=\"true\"><\/div>\n<input type=\"hidden\" name=\"trp-form-language\" value=\"ro\"\/><\/form>\n<\/div>\n<\/div>\n            <\/div>\t\t\t\t<\/div>\n\t\t\t\t<\/div>\n\t\t\t\t\t<\/div>\n\t\t<\/div>\n\t\t\t\t\t<\/div>\n\t\t<\/section>\n\t\t<div class=\"elementor-element elementor-element-ec74ede e-flex e-con-boxed e-con e-parent\" data-id=\"ec74ede\" data-element_type=\"container\" data-e-type=\"container\">\n\t\t\t\t\t<div class=\"e-con-inner\">\n\t\t\t\t<div class=\"elementor-element elementor-element-3d5bdec elementor-widget elementor-widget-google_maps\" data-id=\"3d5bdec\" data-element_type=\"widget\" data-e-type=\"widget\" data-widget_type=\"google_maps.default\">\n\t\t\t\t<div class=\"elementor-widget-container\">\n\t\t\t\t\t\t\t<div class=\"elementor-custom-embed\">\n\t\t\t<iframe loading=\"lazy\"\n\t\t\t\t\tsrc=\"https:\/\/maps.google.com\/maps?q=5.evszak&#038;t=m&#038;z=10&#038;output=embed&#038;iwloc=near\"\n\t\t\t\t\ttitle=\"5.evszak\"\n\t\t\t\t\taria-label=\"5.evszak\"\n\t\t\t><\/iframe>\n\t\t<\/div>\n\t\t\t\t\t\t<\/div>\n\t\t\t\t<\/div>\n\t\t\t\t\t<\/div>\n\t\t\t\t<\/div>\n\t\t<div class=\"elementor-element elementor-element-0fd884a e-flex e-con-boxed e-con e-parent\" data-id=\"0fd884a\" data-element_type=\"container\" data-e-type=\"container\">\n\t\t\t\t\t<div class=\"e-con-inner\">\n\t\t\t\t\t<\/div>\n\t\t\t\t<\/div>\n\t\t<div class=\"elementor-element elementor-element-48f0ce3b e-flex e-con-boxed e-con e-parent\" data-id=\"48f0ce3b\" data-element_type=\"container\" data-e-type=\"container\">\n\t\t\t\t\t<div class=\"e-con-inner\">\n\t\t\t\t<div class=\"elementor-element elementor-element-127d5890 elementor-align-center elementor-widget elementor-widget-cs_button\" data-id=\"127d5890\" data-element_type=\"widget\" data-e-type=\"widget\" data-widget_type=\"cs_button.default\">\n\t\t\t\t<div class=\"elementor-widget-container\">\n\t\t\t\t\t        <a href=\"#\" class=\"elementor-button-link button\" role=\"button\">\n            <span class=\"cs-btn-text\">Spre \u00eenceputul pagini<\/span>        <\/a>\t\t\t\t<\/div>\n\t\t\t\t<\/div>\n\t\t\t\t\t<\/div>\n\t\t\t\t<\/div>\n\t\t\t\t<\/div>","protected":false},"excerpt":{"rendered":"<p>Hasznos inform\u00e1ci\u00f3k Kapcsolatok Elhelyezked\u00e9s \u00e9s megk\u00f6zel\u00edt\u00e9s! A 5. \u00c9vszak Panzi\u00f3 Sepsiszentgy\u00f6rgy nyugati r\u00e9sz\u00e9n, a DN13E jelz\u00e9s\u0171 \u00faton tal\u00e1lhat\u00f3, k\u00f6r\u00fclbel\u00fcl 5 km-re a v\u00e1rosk\u00f6zpontt\u00f3l. Megk\u00f6zel\u00edt\u00e9s aut\u00f3val: Brass\u00f3 fel\u0151l (d\u00e9lnyugat): Haladjon az E574-es \u00faton \u00e9szakkelet fel\u00e9, majd t\u00e9rjen r\u00e1 a DN13E \u00fatra Sepsiszentgy\u00f6rgy ir\u00e1ny\u00e1ba. A panzi\u00f3 a DN13E \u00faton, a v\u00e1rosk\u00f6zpontt\u00f3l mintegy 5 km-re tal\u00e1lhat\u00f3. Cs\u00edkszereda fel\u0151l &#8230;<\/p>","protected":false},"author":1,"featured_media":0,"parent":0,"menu_order":0,"comment_status":"closed","ping_status":"closed","template":"","meta":{"cozystay_single_page_hide_site_header":"","cozystay_single_page_site_header_source":"","cozystay_single_page_custom_site_header":"0","cozystay_single_page_custom_sticky_site_header":"0","cozystay_single_page_hide_page_title":"on","cozystay_single_page_header_section_size":"","cozystay_single_page_header_background_color":"","cozystay_single_page_header_background_position_x":"center","cozystay_single_page_header_background_position_y":"center","cozystay_single_page_header_background_size":"cover","cozystay_single_page_header_background_repeat":"off","cozystay_single_page_header_background_scroll":"on","cozystay_single_page_header_text_color":"","cozystay_single_page_header_show_breadcrumb":"","cozystay_single_page_site_footer_hide_main":"","cozystay_single_custom_site_footer_main_source":"","cozystay_single_custom_site_footer_main":"0","cozystay_single_page_site_footer_hide_above":"","cozystay_single_custom_site_footer_above_source":"","cozystay_single_custom_site_footer_above":"0","cozystay_single_page_site_footer_hide_instagram":"","cozystay_single_page_site_footer_hide_bottom":"","cozystay_single_custom_mobile_menu_source":"","cozystay_single_custom_mobile_menu":"0","cozystay_single_custom_mobile_menu_animation":"","cozystay_single_custom_mobile_menu_width":"","cozystay_single_custom_mobile_menu_custom_width":375,"footnotes":""},"class_list":["post-75","page","type-page","status-publish","hentry"],"yoast_head":"<!-- This site is optimized with the Yoast SEO plugin v27.0 - https:\/\/yoast.com\/product\/yoast-seo-wordpress\/ -->\n<title>Contact - 5th Season<\/title>\n<meta name=\"robots\" content=\"index, follow, max-snippet:-1, max-image-preview:large, max-video-preview:-1\" \/>\n<link rel=\"canonical\" href=\"https:\/\/5thseason.ro\/ro\/contact\/\" \/>\n<meta property=\"og:locale\" content=\"ro_RO\" \/>\n<meta property=\"og:type\" content=\"article\" \/>\n<meta property=\"og:title\" content=\"Contact - 5th Season\" \/>\n<meta property=\"og:description\" content=\"Hasznos inform\u00e1ci\u00f3k Kapcsolatok Elhelyezked\u00e9s \u00e9s megk\u00f6zel\u00edt\u00e9s! A 5. \u00c9vszak Panzi\u00f3 Sepsiszentgy\u00f6rgy nyugati r\u00e9sz\u00e9n, a DN13E jelz\u00e9s\u0171 \u00faton tal\u00e1lhat\u00f3, k\u00f6r\u00fclbel\u00fcl 5 km-re a v\u00e1rosk\u00f6zpontt\u00f3l. Megk\u00f6zel\u00edt\u00e9s aut\u00f3val: Brass\u00f3 fel\u0151l (d\u00e9lnyugat): Haladjon az E574-es \u00faton \u00e9szakkelet fel\u00e9, majd t\u00e9rjen r\u00e1 a DN13E \u00fatra Sepsiszentgy\u00f6rgy ir\u00e1ny\u00e1ba. A panzi\u00f3 a DN13E \u00faton, a v\u00e1rosk\u00f6zpontt\u00f3l mintegy 5 km-re tal\u00e1lhat\u00f3. Cs\u00edkszereda fel\u0151l ...\" \/>\n<meta property=\"og:url\" content=\"https:\/\/5thseason.ro\/ro\/contact\/\" \/>\n<meta property=\"og:site_name\" content=\"5th Season\" \/>\n<meta property=\"article:publisher\" content=\"https:\/\/www.facebook.com\/profile.php?id=100063726692942\" \/>\n<meta property=\"article:modified_time\" content=\"2025-03-03T07:53:59+00:00\" \/>\n<meta name=\"twitter:card\" content=\"summary_large_image\" \/>\n<meta name=\"twitter:label1\" content=\"Timp estimat pentru citire\" \/>\n\t<meta name=\"twitter:data1\" content=\"1 minut\" \/>\n<script type=\"application\/ld+json\" class=\"yoast-schema-graph\">{\"@context\":\"https:\/\/schema.org\",\"@graph\":[{\"@type\":\"WebPage\",\"@id\":\"https:\/\/5thseason.ro\/contact\/\",\"url\":\"https:\/\/5thseason.ro\/contact\/\",\"name\":\"Contact - 5th Season\",\"isPartOf\":{\"@id\":\"https:\/\/5thseason.ro\/#website\"},\"datePublished\":\"2023-03-24T06:55:22+00:00\",\"dateModified\":\"2025-03-03T07:53:59+00:00\",\"breadcrumb\":{\"@id\":\"https:\/\/5thseason.ro\/contact\/#breadcrumb\"},\"inLanguage\":\"ro-RO\",\"potentialAction\":[{\"@type\":\"ReadAction\",\"target\":[\"https:\/\/5thseason.ro\/contact\/\"]}]},{\"@type\":\"BreadcrumbList\",\"@id\":\"https:\/\/5thseason.ro\/contact\/#breadcrumb\",\"itemListElement\":[{\"@type\":\"ListItem\",\"position\":1,\"name\":\"Home\",\"item\":\"https:\/\/5thseason.ro\/\"},{\"@type\":\"ListItem\",\"position\":2,\"name\":\"Contact\"}]},{\"@type\":\"WebSite\",\"@id\":\"https:\/\/5thseason.ro\/#website\",\"url\":\"https:\/\/5thseason.ro\/\",\"name\":\"5th Season\",\"description\":\"\",\"publisher\":{\"@id\":\"https:\/\/5thseason.ro\/#organization\"},\"potentialAction\":[{\"@type\":\"SearchAction\",\"target\":{\"@type\":\"EntryPoint\",\"urlTemplate\":\"https:\/\/5thseason.ro\/?s={search_term_string}\"},\"query-input\":{\"@type\":\"PropertyValueSpecification\",\"valueRequired\":true,\"valueName\":\"search_term_string\"}}],\"inLanguage\":\"ro-RO\"},{\"@type\":\"Organization\",\"@id\":\"https:\/\/5thseason.ro\/#organization\",\"name\":\"5th Season\",\"url\":\"https:\/\/5thseason.ro\/\",\"logo\":{\"@type\":\"ImageObject\",\"inLanguage\":\"ro-RO\",\"@id\":\"https:\/\/5thseason.ro\/#\/schema\/logo\/image\/\",\"url\":\"https:\/\/5thseason.ro\/wp-content\/uploads\/2023\/11\/cropped-5evszak.png\",\"contentUrl\":\"https:\/\/5thseason.ro\/wp-content\/uploads\/2023\/11\/cropped-5evszak.png\",\"width\":320,\"height\":73,\"caption\":\"5th Season\"},\"image\":{\"@id\":\"https:\/\/5thseason.ro\/#\/schema\/logo\/image\/\"},\"sameAs\":[\"https:\/\/www.facebook.com\/profile.php?id=100063726692942\"]}]}<\/script>\n<!-- \/ Yoast SEO plugin. -->","yoast_head_json":{"title":"Contact - 5th Season","robots":{"index":"index","follow":"follow","max-snippet":"max-snippet:-1","max-image-preview":"max-image-preview:large","max-video-preview":"max-video-preview:-1"},"canonical":"https:\/\/5thseason.ro\/ro\/contact\/","og_locale":"ro_RO","og_type":"article","og_title":"Contact - 5th Season","og_description":"Hasznos inform\u00e1ci\u00f3k Kapcsolatok Elhelyezked\u00e9s \u00e9s megk\u00f6zel\u00edt\u00e9s! A 5. \u00c9vszak Panzi\u00f3 Sepsiszentgy\u00f6rgy nyugati r\u00e9sz\u00e9n, a DN13E jelz\u00e9s\u0171 \u00faton tal\u00e1lhat\u00f3, k\u00f6r\u00fclbel\u00fcl 5 km-re a v\u00e1rosk\u00f6zpontt\u00f3l. Megk\u00f6zel\u00edt\u00e9s aut\u00f3val: Brass\u00f3 fel\u0151l (d\u00e9lnyugat): Haladjon az E574-es \u00faton \u00e9szakkelet fel\u00e9, majd t\u00e9rjen r\u00e1 a DN13E \u00fatra Sepsiszentgy\u00f6rgy ir\u00e1ny\u00e1ba. A panzi\u00f3 a DN13E \u00faton, a v\u00e1rosk\u00f6zpontt\u00f3l mintegy 5 km-re tal\u00e1lhat\u00f3. Cs\u00edkszereda fel\u0151l ...","og_url":"https:\/\/5thseason.ro\/ro\/contact\/","og_site_name":"5th Season","article_publisher":"https:\/\/www.facebook.com\/profile.php?id=100063726692942","article_modified_time":"2025-03-03T07:53:59+00:00","twitter_card":"summary_large_image","twitter_misc":{"Timp estimat pentru citire":"1 minut"},"schema":{"@context":"https:\/\/schema.org","@graph":[{"@type":"WebPage","@id":"https:\/\/5thseason.ro\/contact\/","url":"https:\/\/5thseason.ro\/contact\/","name":"Contact - 5th Season","isPartOf":{"@id":"https:\/\/5thseason.ro\/#website"},"datePublished":"2023-03-24T06:55:22+00:00","dateModified":"2025-03-03T07:53:59+00:00","breadcrumb":{"@id":"https:\/\/5thseason.ro\/contact\/#breadcrumb"},"inLanguage":"ro-RO","potentialAction":[{"@type":"ReadAction","target":["https:\/\/5thseason.ro\/contact\/"]}]},{"@type":"BreadcrumbList","@id":"https:\/\/5thseason.ro\/contact\/#breadcrumb","itemListElement":[{"@type":"ListItem","position":1,"name":"Home","item":"https:\/\/5thseason.ro\/"},{"@type":"ListItem","position":2,"name":"Contact"}]},{"@type":"WebSite","@id":"https:\/\/5thseason.ro\/#website","url":"https:\/\/5thseason.ro\/","name":"5th Season","description":"","publisher":{"@id":"https:\/\/5thseason.ro\/#organization"},"potentialAction":[{"@type":"SearchAction","target":{"@type":"EntryPoint","urlTemplate":"https:\/\/5thseason.ro\/?s={search_term_string}"},"query-input":{"@type":"PropertyValueSpecification","valueRequired":true,"valueName":"search_term_string"}}],"inLanguage":"ro-RO"},{"@type":"Organization","@id":"https:\/\/5thseason.ro\/#organization","name":"5th Season","url":"https:\/\/5thseason.ro\/","logo":{"@type":"ImageObject","inLanguage":"ro-RO","@id":"https:\/\/5thseason.ro\/#\/schema\/logo\/image\/","url":"https:\/\/5thseason.ro\/wp-content\/uploads\/2023\/11\/cropped-5evszak.png","contentUrl":"https:\/\/5thseason.ro\/wp-content\/uploads\/2023\/11\/cropped-5evszak.png","width":320,"height":73,"caption":"5th Season"},"image":{"@id":"https:\/\/5thseason.ro\/#\/schema\/logo\/image\/"},"sameAs":["https:\/\/www.facebook.com\/profile.php?id=100063726692942"]}]}},"_links":{"self":[{"href":"https:\/\/5thseason.ro\/ro\/wp-json\/wp\/v2\/pages\/75","targetHints":{"allow":["GET"]}}],"collection":[{"href":"https:\/\/5thseason.ro\/ro\/wp-json\/wp\/v2\/pages"}],"about":[{"href":"https:\/\/5thseason.ro\/ro\/wp-json\/wp\/v2\/types\/page"}],"author":[{"embeddable":true,"href":"https:\/\/5thseason.ro\/ro\/wp-json\/wp\/v2\/users\/1"}],"replies":[{"embeddable":true,"href":"https:\/\/5thseason.ro\/ro\/wp-json\/wp\/v2\/comments?post=75"}],"version-history":[{"count":57,"href":"https:\/\/5thseason.ro\/ro\/wp-json\/wp\/v2\/pages\/75\/revisions"}],"predecessor-version":[{"id":2626,"href":"https:\/\/5thseason.ro\/ro\/wp-json\/wp\/v2\/pages\/75\/revisions\/2626"}],"wp:attachment":[{"href":"https:\/\/5thseason.ro\/ro\/wp-json\/wp\/v2\/media?parent=75"}],"curies":[{"name":"wp","href":"https:\/\/api.w.org\/{rel}","templated":true}]}}